{"id":988276,"date":"2026-01-17T16:55:13","date_gmt":"2026-01-17T15:55:13","guid":{"rendered":"https:\/\/champagne-coessens.com\/conditions-generales-de-ventes\/"},"modified":"2026-01-24T15:45:25","modified_gmt":"2026-01-24T14:45:25","slug":"conditions-generales-de-ventes","status":"publish","type":"page","link":"https:\/\/champagne-coessens.com\/en\/conditions-generales-de-ventes\/","title":{"rendered":"Conditions G\u00e9n\u00e9rales de Ventes"},"content":{"rendered":"<div class=\"vgblk-rw-wrapper limit-wrapper\">\n<p><\/p>\n\n\n\n<p>La SCEV &#8220;COESSENS&#8221; (ci-apr\u00e8s &#8220;SCEV&#8221;), Soci\u00e9t\u00e9 Civile d\u2019Exploitation Viticole au capital de 40 000 \u20ac dont le si\u00e8ge social est sis \u00e0&nbsp;VILLE&nbsp;SUR&nbsp;ARCE&nbsp;(Aube),&nbsp;6&nbsp;chemin&nbsp;desFarces,&nbsp;immatricul\u00e9e&nbsp;au&nbsp;RCS&nbsp;de&nbsp;TROYES&nbsp;sous&nbsp;le&nbsp;num\u00e9ro&nbsp;489&nbsp;093&nbsp;878,&nbsp;a&nbsp;pour&nbsp;activit\u00e9&nbsp;la production et la vente du champagne issu de son exploitation. La SCEV assure notamment la commercialisation de ses produits par&nbsp;l\u2019interm\u00e9diaire&nbsp;de&nbsp;son&nbsp;Site&nbsp;Internet&nbsp;<a href=\"http:\/\/www.champagne-coessens.com\/\">www.champagne-coessens.com<\/a>&nbsp;(ci-apr\u00e8s&nbsp;&#8220;le&nbsp;Site&nbsp;internet&#8221;)&nbsp;sur&nbsp;lequel&nbsp;figure&nbsp;la&nbsp;gamme&nbsp;des produits propos\u00e9s \u00e0 la vente. Les pr\u00e9sentes conditions g\u00e9n\u00e9rales de vente s\u2019appliquent \u00e0 toutes commandes&nbsp;: que ce soit celles effectu\u00e9es \u00e0 la suite d\u2019une demande de devis en direct, via le site internet de la SCEV ou celles effectu\u00e9es par tout autre moyen. Pour l\u2019application des pr\u00e9sentes, le terme&nbsp;&#8220;Client&#8221; renvoie \u00e0 toute personne physique ou morale ou collectivit\u00e9 ayant conclu une commande&nbsp;aupr\u00e8s&nbsp;de&nbsp;la&nbsp;SCEV,&nbsp;ou&nbsp;une&nbsp;commande&nbsp;\u00e0&nbsp;la&nbsp;suite&nbsp;d\u2019une&nbsp;demande&nbsp;de&nbsp;devis,&nbsp;et&nbsp;ce,&nbsp;que&nbsp;le&nbsp;r\u00e8glement&nbsp;complet&nbsp;de&nbsp;la&nbsp;facture y aff\u00e9rant ait \u00e9t\u00e9 r\u00e9alis\u00e9 ou non.<\/p>\n\n\n\n<h2 class=\"wp-block-heading\">1.&nbsp;Conditions&nbsp;d\u2019applications<\/h2>\n\n\n\n<p>Toute&nbsp;Commande&nbsp;du&nbsp;Client&nbsp;implique&nbsp;l\u2019acceptation&nbsp;pleine&nbsp;et&nbsp;enti\u00e8re&nbsp;des&nbsp;pr\u00e9sentes&nbsp;conditions&nbsp;g\u00e9n\u00e9rales&nbsp;de&nbsp;vente&nbsp;qui&nbsp;pr\u00e9valent&nbsp;sur tout autre document du Client et notamment sur ses \u00e9ventuelles conditions g\u00e9n\u00e9rales d\u2019achat, sauf accord d\u00e9rogatoire expr\u00e8s, \u00e9crit et pr\u00e9alable de la SCEV. La SCEV &#8220;COESSENS&#8221; convient que ses relations seront r\u00e9gies exclusivement par les pr\u00e9sentes conditions g\u00e9n\u00e9rales de&nbsp;vente et&nbsp;par le&nbsp;Droit fran\u00e7ais. La SCEV se&nbsp;r\u00e9serve&nbsp;la possibilit\u00e9 de modifier \u00e0 tout moment les pr\u00e9sentes conditions g\u00e9n\u00e9rales&nbsp;de&nbsp;vente&nbsp;en publiant&nbsp;une&nbsp;nouvelle&nbsp;version&nbsp;sur le&nbsp;Site&nbsp;internet.&nbsp;Les&nbsp;conditions&nbsp;g\u00e9n\u00e9rales&nbsp;de&nbsp;vente&nbsp;applicables sont celles&nbsp;en&nbsp;vigueur \u00e0&nbsp;la&nbsp;date de&nbsp;confirmation de&nbsp;laCommande.&nbsp;Tout autre document&nbsp;que les pr\u00e9sentes&nbsp;conditions&nbsp;g\u00e9n\u00e9rales&nbsp;de vente, notamment catalogues, prospectus, publicit\u00e9s ou notices, n\u2019a qu\u2019une valeur informative, indicative et non contractuelle, sauf accord sp\u00e9cifique pr\u00e9alable convenu par \u00e9crit \u00e0 la Commande entre les parties. Le terme &#8220;Marchandise(s)&#8221; renvoie \u00e0 tout produit vendu par la SCEV.<\/p>\n\n\n\n<h2 class=\"wp-block-heading\">2.&nbsp;Commande<\/h2>\n\n\n\n<p>Par &#8220;Commande(s)&#8221;, il faut entendre tout achat r\u00e9alis\u00e9 par suite d\u2019une demande de devis en direct, via le Site internet ou tout achat&nbsp;r\u00e9alis\u00e9&nbsp;par&nbsp;un&nbsp;autre&nbsp;moyen&nbsp;et&nbsp;portant&nbsp;sur&nbsp;lesMarchandises&nbsp;propos\u00e9es&nbsp;par&nbsp;la&nbsp;SCEV.&nbsp;L\u2019acc\u00e8s&nbsp;au&nbsp;service&nbsp;est&nbsp;assur\u00e9&nbsp;de&nbsp;mani\u00e8re permanente, sous r\u00e9serve des p\u00e9riodes de maintenance et d\u2019entretien. Toute Commande vaut acceptation expresse et totale des pr\u00e9sentes conditions g\u00e9n\u00e9rales de vente par le Client. Par le seul fait de passer commande, le Client renonce express\u00e9ment au b\u00e9n\u00e9fice&nbsp;de&nbsp;l&#8217;article1587&nbsp;du&nbsp;Code&nbsp;civil.&nbsp;Un&nbsp;courriel&nbsp;de&nbsp;confirmation&nbsp;sera&nbsp;envoy\u00e9&nbsp;au&nbsp;Client&nbsp;d\u00e8s&nbsp;que&nbsp;la&nbsp;commande&nbsp;aura&nbsp;\u00e9t\u00e9&nbsp;approuv\u00e9. Le d\u00e9lai d\u2019approbation&nbsp;de&nbsp;la Commande&nbsp;n\u2019est pas&nbsp;de&nbsp;la responsabilit\u00e9 de&nbsp;la SCEV.&nbsp;Toute commande&nbsp;accept\u00e9e&nbsp;par le&nbsp;vendeur est consid\u00e9r\u00e9e comme ferme et d\u00e9finitive.<\/p>\n\n\n\n<h2 class=\"wp-block-heading\">3.&nbsp;Modification<\/h2>\n\n\n\n<p>Les&nbsp;Commandes&nbsp;accept\u00e9&nbsp;par&nbsp;la&nbsp;SCEV&nbsp;ne&nbsp;peuvent&nbsp;\u00eatre&nbsp;modifi\u00e9es,&nbsp;sauf&nbsp;accord&nbsp;pr\u00e9alable&nbsp;de&nbsp;la&nbsp;SCEV&nbsp;et&nbsp;dans&nbsp;les&nbsp;conditions&nbsp;que&nbsp;celle-ci indiquera au Client au cas par cas. Les Commandes ne pourront \u00eatre c\u00e9d\u00e9es ou transf\u00e9r\u00e9es, m\u00eame partiellement, \u00e0 qui que ce soit et sous quelque forme que ce soit, sauf accord expr\u00e8s, \u00e9crit et pr\u00e9alable de la SCEV. En cas de rupture de stock dans une Marchandise propos\u00e9e \u00e0 la vente&nbsp;par la SCEV et en cas de Commande d\u00e9j\u00e0 pass\u00e9e, la SCEV s&#8217;engage&nbsp;\u00e0 en informer le Client au plus vite et \u00e0 trouver une&nbsp;solution&nbsp;pour soit reporter la Commande, soit trouver une Marchandise \u00e9quivalente, soit&nbsp;rembourser le Client, sans que le Client puisse pr\u00e9tendre \u00e0 des dommages et int\u00e9r\u00eats.<\/p>\n\n\n\n<h2 class=\"wp-block-heading\">4.&nbsp;Prix,&nbsp;conditions&nbsp;de&nbsp;paiement&nbsp;et&nbsp;p\u00e9nalit\u00e9s<\/h2>\n\n\n\n<p>Les prix de&nbsp;vente&nbsp;sont exprim\u00e9s en&nbsp;Euro. Le prix&nbsp;indiqu\u00e9 pour&nbsp;les produits (sur le&nbsp;tarif ou&nbsp;par suite d\u2019un&nbsp;devis) comprend&nbsp;le prix des produits, les frais de manutention et d\u2019emballage. Cependant, ce prix de vente n\u2019inclut pas les frais de transport qui feront l\u2019objet d\u2019une tarification&nbsp;\u00e0 part. Le&nbsp;prix&nbsp;indiqu\u00e9 sur&nbsp;la facture&nbsp;est&nbsp;le prix d\u00e9finitif exprim\u00e9toutes&nbsp;taxes&nbsp;comprises (prix TTC,&nbsp;sauf erreur&nbsp;typographique).&nbsp;Toute&nbsp;demande&nbsp;particuli\u00e8re&nbsp;d\u2019emballage&nbsp;ou&nbsp;de&nbsp;transport&nbsp;devra&nbsp;\u00eatre&nbsp;d\u00fbment&nbsp;accept\u00e9e&nbsp;par&nbsp;\u00e9crit&nbsp;par&nbsp;la SCEV et&nbsp;les&nbsp;co\u00fbtsy&nbsp;aff\u00e9rant&nbsp;feront&nbsp;l\u2019objet&nbsp;d\u2019une&nbsp;facturation&nbsp;sp\u00e9cifique.&nbsp;Le&nbsp;r\u00e8glement&nbsp;s\u2019effectue&nbsp;le&nbsp;jour&nbsp;de&nbsp;la&nbsp;commande&nbsp;par&nbsp;carte&nbsp;bancaire par paiement s\u00e9curis\u00e9 (LCR) ou par virement.<\/p>\n\n\n\n<p>Par d\u00e9rogation \u00e0 cette r\u00e8gle et uniquement avec l\u2019accord \u00e9crit de la SCEV, un d\u00e9lai de paiement peuvent \u00eatre accord\u00e9. Exceptionnellement&nbsp;avec&nbsp;l\u2019accord&nbsp;expresse&nbsp;de&nbsp;la&nbsp;SCEV,&nbsp;lepaiement&nbsp;peut&nbsp;\u00eatre&nbsp;r\u00e9alis\u00e9&nbsp;par&nbsp;ch\u00e8que&nbsp;car&nbsp;la&nbsp;SCEV&nbsp;\u00e9tant&nbsp;soumise&nbsp;\u00e0&nbsp;l\u2019IS, la&nbsp;doctrine&nbsp;administrative&nbsp;du&nbsp;BOFIP&nbsp;(BOI-BIC-DECLA-30-70-40)&nbsp;l\u2019autorise&nbsp;\u00e0&nbsp;accepter&nbsp;les&nbsp;paiements&nbsp;parch\u00e8que.&nbsp;Or&nbsp;accord&nbsp;\u00e9crit sp\u00e9cifique, aucun escompte n\u2019est r\u00e9alis\u00e9 pour paiement anticip\u00e9.<\/p>\n\n\n\n<p>Les prix&nbsp;et&nbsp;conditions de&nbsp;r\u00e8glement&nbsp;seront&nbsp;rappel\u00e9s sur&nbsp;toute&nbsp;facture&nbsp;\u00e9mise&nbsp;par&nbsp;la&nbsp;SCEV.<\/p>\n\n\n\n<h2 class=\"wp-block-heading\">5.&nbsp;Facult\u00e9&nbsp;de&nbsp;r\u00e9tractation<\/h2>\n\n\n\n<p>En&nbsp;application&nbsp;de&nbsp;l\u2019article&nbsp;L&nbsp;221-18&nbsp;du&nbsp;Code&nbsp;de&nbsp;la&nbsp;consommation,&nbsp;le&nbsp;Client&nbsp;particulier&nbsp;dispose&nbsp;d&#8217;un&nbsp;d\u00e9lai&nbsp;de&nbsp;14&nbsp;jours&nbsp;francs&nbsp;\u00e0&nbsp;compter&nbsp;de&nbsp;la&nbsp;livraison&nbsp;ou&nbsp;du&nbsp;retrait&nbsp;de&nbsp;sa&nbsp;Commande&nbsp;pourexercer&nbsp;son&nbsp;droit&nbsp;de&nbsp;r\u00e9tractation&nbsp;pour&nbsp;un&nbsp;contrat&nbsp;conclu&nbsp;\u00e0&nbsp;distance,&nbsp;\u00e0&nbsp;la suite d&#8217;un&nbsp;d\u00e9marchage&nbsp;t\u00e9l\u00e9phonique&nbsp;ou&nbsp;hors&nbsp;\u00e9tablissement, sans&nbsp;avoir \u00e0 motiver sa d\u00e9cision.&nbsp;Il pourra&nbsp;alors proc\u00e9der&nbsp;au&nbsp;retour&nbsp;du&nbsp;produit&nbsp;\u00e0&nbsp;la&nbsp;SCEV&nbsp;\u00e0&nbsp;fin&nbsp;d&#8217;\u00e9change&nbsp;ou&nbsp;de&nbsp;remboursement&nbsp;et&nbsp;ce,&nbsp;\u00e0&nbsp;condition&nbsp;que&nbsp;les&nbsp;produits&nbsp;soient&nbsp;retourn\u00e9s&nbsp;complets,&nbsp;dans&nbsp;leur emballage d&#8217;origine et en parfait \u00e9tat. Les produits endommag\u00e9s ou incomplets ne seront pas repris. Le retour effectu\u00e9 dans ces conditions s&#8217;effectuera aux frais du Client, sans p\u00e9nalit\u00e9. L&#8217;\u00e9change (sous r\u00e9serve dedisponibilit\u00e9)&nbsp;ou le remboursement sera&nbsp;effectu\u00e9&nbsp;dans&nbsp;un&nbsp;d\u00e9lai&nbsp;de&nbsp;14&nbsp;jours&nbsp;\u00e0&nbsp;compter&nbsp;de&nbsp;la&nbsp;r\u00e9ception&nbsp;par&nbsp;la&nbsp;SCEV&nbsp;des&nbsp;produits&nbsp;retourn\u00e9s&nbsp;par&nbsp;le&nbsp;Client,&nbsp;si&nbsp;leur&nbsp;caract\u00e8re<\/p>\n\n\n\n<p>complet et&nbsp;leur parfait \u00e9tat&nbsp;a bien&nbsp;\u00e9t\u00e9&nbsp;constat\u00e9.&nbsp;Les&nbsp;frais&nbsp;de retour des&nbsp;produits&nbsp;seront&nbsp;\u00e0&nbsp;la charge de&nbsp;ce&nbsp;dernier.&nbsp;Dans&nbsp;le cas&nbsp;o\u00f9 les d\u00e9lais&nbsp;pr\u00e9cit\u00e9s&nbsp;expirent&nbsp;un&nbsp;samedi,&nbsp;un&nbsp;dimanche&nbsp;ouun&nbsp;jour&nbsp;f\u00e9ri\u00e9&nbsp;ou&nbsp;ch\u00f4m\u00e9,&nbsp;il&nbsp;est&nbsp;prolong\u00e9&nbsp;jusqu&#8217;au&nbsp;premier&nbsp;jour&nbsp;ouvrable&nbsp;suivant. Cependant&nbsp;si&nbsp;l\u2019acheteur&nbsp;est&nbsp;un&nbsp;professionnel&nbsp;achetant&nbsp;dans&nbsp;le&nbsp;cadre&nbsp;et&nbsp;pour&nbsp;les&nbsp;besoins&nbsp;de&nbsp;sa&nbsp;profession,il&nbsp;n&#8217;y&nbsp;a&nbsp;pas&nbsp;lieu&nbsp;d&#8217;appliquer le droit de r\u00e9tractation pr\u00e9vu par le Code de la consommation.<\/p>\n\n\n\n<h2 class=\"wp-block-heading\">6.&nbsp;Livraison<\/h2>\n\n\n\n<h3 class=\"wp-block-heading\">Modalit\u00e9s<\/h3>\n\n\n\n<p>La SCEV&nbsp;assurera,&nbsp;\u00e0&nbsp;la&nbsp;charge&nbsp;du&nbsp;Client,&nbsp;le&nbsp;transport&nbsp;des&nbsp;Marchandises&nbsp;depuis&nbsp;l\u2019exploitation par transporteur&nbsp;ou&nbsp;par La&nbsp;Poste.&nbsp;Si le&nbsp;Client&nbsp;ne&nbsp;souhaite&nbsp;pas&nbsp;\u00eatre&nbsp;livr\u00e9,&nbsp;la SCEV&nbsp;secontente&nbsp;de&nbsp;lui&nbsp;mettre&nbsp;la&nbsp;Marchandise&nbsp;\u00e0&nbsp;disposition&nbsp;au&nbsp;6&nbsp;chemin&nbsp;des&nbsp;Farces&nbsp;10110 VILLE&nbsp;SUR&nbsp;ARCE,&nbsp;\u00e0 charge pour&nbsp;le Client de venir&nbsp;la chercher.<\/p>\n\n\n\n<h3 class=\"wp-block-heading\">D\u00e9lai<\/h3>\n\n\n\n<p>La SCEV s&#8217;engage \u00e0 mettre \u00e0 disposition les Marchandises dans&nbsp;un d\u00e9lai de huit (8) jours ouvr\u00e9s&nbsp;apr\u00e8s paiement en totalit\u00e9 de la Commande. Toutefois, la SCEV ne peut \u00eatre responsable du d\u00e9lai de transport apr\u00e8s cette mise \u00e0 disposition. Aussi, le d\u00e9lai du transporteur pour venir chercher la marchandise et pour la livrer chez le client ne sera pas&nbsp;de la responsabilit\u00e9 de la SCEV. Tout retard de livraison ne saurait engager sa responsabilit\u00e9. Les retards de livraison ou d&#8217;ex\u00e9cution ne peuvent donner lieu \u00e0 aucune p\u00e9nalit\u00e9, indemnit\u00e9 ou compensation, ni motiver la r\u00e9siliation de la Commande.<\/p>\n\n\n\n<h3 class=\"wp-block-heading\">Contr\u00f4le&nbsp;des&nbsp;Marchandises&nbsp;livr\u00e9es&nbsp;ou&nbsp;remises<\/h3>\n\n\n\n<p>Le&nbsp;Client&nbsp;doit&nbsp;proc\u00e9der,&nbsp;d\u00e8s&nbsp;la&nbsp;mise&nbsp;\u00e0&nbsp;disposition&nbsp;de&nbsp;la&nbsp;Marchandise,&nbsp;\u00e0&nbsp;sa&nbsp;v\u00e9rification&nbsp;et&nbsp;r\u00e9ception.&nbsp;Toute&nbsp;Marchandise&nbsp;n\u2019ayant&nbsp;pas fait&nbsp;l\u2019objet&nbsp;de&nbsp;r\u00e9serves&nbsp;par&nbsp;lettre&nbsp;recommand\u00e9eavec&nbsp;accus\u00e9&nbsp;de&nbsp;r\u00e9ception&nbsp;dans&nbsp;les&nbsp;3&nbsp;jours&nbsp;de&nbsp;sa&nbsp;r\u00e9ception,&nbsp;conform\u00e9ment&nbsp;\u00e0&nbsp;l\u2019article<\/p>\n\n\n\n<p>L.&nbsp;133-3 du&nbsp;Code&nbsp;de&nbsp;commerce, sera consid\u00e9r\u00e9e&nbsp;accept\u00e9e par le&nbsp;Client. La&nbsp;r\u00e9ception sans&nbsp;r\u00e9serve&nbsp;des&nbsp;Marchandises par le&nbsp;Client couvre tout vice apparent ou manquant. La responsabilit\u00e9 de la SCEV ne pourra \u00eatre engag\u00e9e pour toute d\u00e9gradation des Marchandises survenant en cours de livraison et de d\u00e9chargement en raison d\u2019un fait, acte ou manquement du Client ou du transporteur (Poste ou autres).<\/p>\n\n\n\n<h3 class=\"wp-block-heading\">Transfert&nbsp;des&nbsp;risques&nbsp;\u2013&nbsp;client&nbsp;particulier<\/h3>\n\n\n\n<p>Le transfert des&nbsp;risques&nbsp;sur les Marchandises vendues par la SCEV&nbsp;s\u2019effectue d\u00e8s la remise&nbsp;des Marchandises au&nbsp;transporteur ou \u00e0&nbsp;la&nbsp;Poste.&nbsp;Si&nbsp;le&nbsp;Client&nbsp;vient&nbsp;chercher&nbsp;lui-m\u00eame&nbsp;saCommande,&nbsp;le&nbsp;transfert&nbsp;de&nbsp;risques&nbsp;s\u2019effectue&nbsp;d\u00e8s&nbsp;la&nbsp;remise&nbsp;des&nbsp;Marchandises&nbsp;au Client pour chargement dans son v\u00e9hicule.<\/p>\n\n\n\n<h3 class=\"wp-block-heading\">Transfert&nbsp;des&nbsp;risques&nbsp;\u2013client&nbsp;professionnel<\/h3>\n\n\n\n<p>Sauf&nbsp;accord&nbsp;contraire&nbsp;express\u00e9ment&nbsp;convenu&nbsp;par&nbsp;\u00e9crit&nbsp;entre&nbsp;les&nbsp;parties,&nbsp;les&nbsp;marchandises&nbsp;sont&nbsp;livr\u00e9es&nbsp;selon&nbsp;l\u2019Incoterm&nbsp;EXW&nbsp;\u2013 Ville sur Arce, France \u2013 Incoterms\u00ae 2020.<\/p>\n\n\n\n<p>La mise&nbsp;\u00e0 disposition&nbsp;s\u2019effectue&nbsp;dans&nbsp;nos&nbsp;locaux situ\u00e9s&nbsp;\u00e0&nbsp;VILLE&nbsp;SUR&nbsp;ARCE,&nbsp;\u00e0&nbsp;la date&nbsp;convenue.&nbsp;\u00c0&nbsp;compter&nbsp;de&nbsp;cette mise&nbsp;\u00e0 disposition,&nbsp;l\u2019acheteur&nbsp;assume l\u2019ensemble des frais,risques,&nbsp;formalit\u00e9s douani\u00e8res export et transport, conform\u00e9ment&nbsp;aux&nbsp;r\u00e8gles d\u00e9finies par l\u2019Incoterm EXW.<\/p>\n\n\n\n<p>Le&nbsp;transfert&nbsp;des&nbsp;risques&nbsp;s\u2019op\u00e8re&nbsp;au&nbsp;moment&nbsp;de&nbsp;la&nbsp;remise&nbsp;des&nbsp;marchandises&nbsp;au transporteur&nbsp;d\u00e9sign\u00e9&nbsp;par&nbsp;l\u2019acheteur.<\/p>\n\n\n\n<p>Cet&nbsp;incoterm&nbsp;s\u2019applique&nbsp;\u00e9galement aux ventes&nbsp;r\u00e9alis\u00e9es&nbsp;sur&nbsp;le territoire&nbsp;national.&nbsp;La&nbsp;livraison est&nbsp;alors&nbsp;r\u00e9put\u00e9e&nbsp;effectu\u00e9e&nbsp;d\u00e8s&nbsp;la remise des marchandises au transporteur.<\/p>\n\n\n\n<h2 class=\"wp-block-heading\">7.&nbsp;R\u00e9serve&nbsp;de&nbsp;propri\u00e9t\u00e9<\/h2>\n\n\n\n<p>Les Marchandises demeurent&nbsp;la propri\u00e9t\u00e9 exclusive de&nbsp;la SCEV&nbsp;jusqu&#8217;\u00e0 complet paiement de&nbsp;leur prix&nbsp;par&nbsp;le Client&nbsp;qui s&#8217;interdit en cons\u00e9quence de disposer des Marchandises pour les&nbsp;revendre ou les utiliser avant le paiement effectif&nbsp;de celles-ci. Toutefois, d\u00e8s la livraison, les risques de perte ou de d\u00e9t\u00e9riorations sont transf\u00e9r\u00e9s au client.<\/p>\n\n\n\n<h2 class=\"wp-block-heading\">8.&nbsp;Garanties&nbsp;des&nbsp;vices&nbsp;apparents&nbsp;ou&nbsp;cach\u00e9s<\/h2>\n\n\n\n<p>Au titre de&nbsp;la garantie des vices cach\u00e9s,&nbsp;la SCEV&nbsp;ne sera tenue&nbsp;que du remplacement, sans frais, des Marchandises d\u00e9fectueuses sans que le Client puisse pr\u00e9tendre \u00e0 des dommages et int\u00e9r\u00eats, pour quelque cause que ce soit. LA SCEV garantit ses Marchandises contre&nbsp;les&nbsp;vices&nbsp;cach\u00e9s,&nbsp;conform\u00e9ment&nbsp;\u00e0&nbsp;la&nbsp;loi,&nbsp;les&nbsp;usages, la&nbsp;jurisprudence&nbsp;et&nbsp;dans&nbsp;lesconditions&nbsp;des&nbsp;pr\u00e9sentes.&nbsp;Le Client devra fournir toute justification quant \u00e0 la r\u00e9alit\u00e9 des d\u00e9fauts qu\u2019il indiquera avoir relev\u00e9s ; la SCEV se r\u00e9servant le droit de proc\u00e9der, directement ou indirectement, \u00e0 toute constatation et v\u00e9rification sur place ou sur la Marchandise rapport\u00e9e par le Client&nbsp;notamment&nbsp;en&nbsp;tenant&nbsp;la bouteille&nbsp;d\u00e9fectueuse et&nbsp;sonbouchon&nbsp;\u00e0&nbsp;la disposition&nbsp;de&nbsp;la SCEV.&nbsp;En&nbsp;cas&nbsp;de&nbsp;d\u00e9fauts&nbsp;apparents,&nbsp;les Marchandises&nbsp;sont&nbsp;remplac\u00e9es&nbsp;par&nbsp;la&nbsp;SCEV,&nbsp;sous&nbsp;r\u00e9serve&nbsp;de&nbsp;v\u00e9rification&nbsp;des&nbsp;d\u00e9fauts&nbsp;all\u00e9gu\u00e9s.&nbsp;Cette&nbsp;garantie&nbsp;nes\u2019applique&nbsp;qu\u2019aux Marchandises qui sont devenues r\u00e9guli\u00e8rement propri\u00e9t\u00e9 du Client. Le Client est seul responsable du choix des produits, de leur conservation&nbsp;et&nbsp;de&nbsp;leurutilisation.&nbsp;Toute&nbsp;garantie&nbsp;l\u00e9gale&nbsp;est&nbsp;exclue&nbsp;en&nbsp;cas&nbsp;de&nbsp;mauvaises&nbsp;conditions&nbsp;d&#8217;utilisation&nbsp;ou&nbsp;de&nbsp;conservation ou en cas de n\u00e9gligence de la part du Client, comme en cas d&#8217;\u00e9volution normale du produit, d&#8217;accident ou de force majeure et la garantie de la SCEV &#8220;COESSENS&#8221; est en toute hypoth\u00e8se limit\u00e9e au remplacement ou au remboursement des produits non-conformes ou affect\u00e9s d&#8217;un vice.<\/p>\n\n\n\n<h2 class=\"wp-block-heading\">9.&nbsp;Langue&nbsp;du&nbsp;contrat<\/h2>\n\n\n\n<p>Les pr\u00e9sentes conditions g\u00e9n\u00e9rales de vente sont r\u00e9dig\u00e9es en langue fran\u00e7aise. Dans le cas o\u00f9 elles seraient traduites en une ou plusieurs langues \u00e9trang\u00e8res, seul le texte fran\u00e7ais ferait foi en cas de litige.<\/p>\n\n\n\n<h2 class=\"wp-block-heading\">10.&nbsp;Force&nbsp;majeure<\/h2>\n\n\n\n<p>Sont consid\u00e9r\u00e9s comme cas de force majeure ou cas fortuits, les \u00e9v\u00e9nements ind\u00e9pendants de la volont\u00e9 des parties, qu\u2019elles ne pouvaient raisonnablement \u00eatre tenues de pr\u00e9voir et qu\u2019elles ne pouvaient raisonnablement \u00e9viter ou surmonter, dans la mesure o\u00f9 leur survenance rend totalement impossible l\u2019ex\u00e9cution de leurs obligations. Sont notamment assimil\u00e9s \u00e0 des cas de force majeure ou fortuits d\u00e9chargeant la SCEV de son obligation de remettre les Marchandises dans les d\u00e9lais initialement pr\u00e9vus : l\u2019incendie, l\u2019inondation, la guerre, les arr\u00eats de production dus \u00e0 des pannes fortuites, l\u2019impossibilit\u00e9 d\u2019\u00eatre approvisionn\u00e9 en mati\u00e8re premi\u00e8re, les \u00e9pid\u00e9mies.<\/p>\n\n\n\n<h2 class=\"wp-block-heading\">11.&nbsp;Attribution&nbsp;de&nbsp;juridiction&nbsp;\u2013&nbsp;Droit&nbsp;applicable<\/h2>\n\n\n\n<p>La&nbsp;SCEV&nbsp;\u00e9lit&nbsp;domicile&nbsp;en&nbsp;son&nbsp;si\u00e8ge&nbsp;social.&nbsp;Tout&nbsp;diff\u00e9rend&nbsp;au&nbsp;sujet&nbsp;de&nbsp;l\u2019application&nbsp;des&nbsp;pr\u00e9sentes&nbsp;conditions&nbsp;g\u00e9n\u00e9rales&nbsp;de&nbsp;vente,&nbsp;de leur interpr\u00e9tation et\/ou ex\u00e9cution et des contrats de vente conclus par la SCEV ou au paiement du prix sera port\u00e9 devant la juridiction territorialement comp\u00e9tente soit le tribunal de commerce de Troyes (10). Toute question relative aux pr\u00e9sentes Conditions g\u00e9n\u00e9rales de vente qui ne seraient pas trait\u00e9es par les pr\u00e9sentes stipulations contractuelles, sera r\u00e9gie par la loi fran\u00e7aise \u00e0 l\u2019exclusion de tout autre droit.<\/p>\n\n\n\n<h2 class=\"wp-block-heading\">12.&nbsp;Renonciation<\/h2>\n\n\n\n<p>Le&nbsp;fait&nbsp;pour&nbsp;la&nbsp;SCEV&nbsp;de&nbsp;ne&nbsp;pas&nbsp;se&nbsp;pr\u00e9valoir&nbsp;\u00e0&nbsp;un&nbsp;moment&nbsp;donn\u00e9&nbsp;de&nbsp;l\u2019une&nbsp;quelconque&nbsp;des&nbsp;clauses&nbsp;des&nbsp;pr\u00e9sentes&nbsp;ne&nbsp;peut&nbsp;valoir renonciation&nbsp;\u00e0&nbsp;se&nbsp;pr\u00e9valoir&nbsp;ult\u00e9rieurement&nbsp;de&nbsp;cette&nbsp;m\u00eameclause.<\/p>\n\n\n\n<h2 class=\"wp-block-heading\">13.&nbsp;Protection&nbsp;des&nbsp;donn\u00e9es&nbsp;personnelles<\/h2>\n\n\n\n<p>En application du r\u00e8glement g\u00e9n\u00e9ral sur la protection des donn\u00e9es (RGPD) du 25 mai 2018, il est rappel\u00e9 que les donn\u00e9es nominatives demand\u00e9es au Client sont n\u00e9cessaires au traitement de sa Commande et \u00e0 l&#8217;\u00e9tablissement des factures notamment. Les informations personnelles du Client \u00e9tant indispensables pour le traitement, l&#8217;acheminement des commandes et l&#8217;\u00e9tablissement des factures, le Client s&#8217;engage \u00e0 fournir \u00e0 la SCEV des informations sinc\u00e8res et v\u00e9ritables.<\/p>\n\n\n\n<p>La&nbsp;SCEV&nbsp;a&nbsp;mis&nbsp;en&nbsp;place&nbsp;la&nbsp;politique&nbsp;de&nbsp;confidentialit\u00e9&nbsp;conform\u00e9ment&nbsp;au&nbsp;R\u00e8glement&nbsp;G\u00e9n\u00e9ral&nbsp;sur&nbsp;la&nbsp;Protection&nbsp;des&nbsp;Donn\u00e9es&nbsp;(RGPD<\/p>\n\n\n\n<p>&#8211;&nbsp;UE&nbsp;2016\/679).<\/p>\n\n\n\n<h3 class=\"wp-block-heading\">A.&nbsp;&nbsp;&nbsp;&nbsp;&nbsp;&nbsp;Introduction<\/h3>\n\n\n\n<p>La pr\u00e9sente politique de confidentialit\u00e9 a pour but d\u2019informer les utilisateurs sur la mani\u00e8re dont collecte, utilise, prot\u00e8ge et partage les donn\u00e9es personnelles.<\/p>\n\n\n\n<h3 class=\"wp-block-heading\">B.&nbsp;&nbsp;&nbsp;&nbsp;&nbsp;&nbsp;Responsable&nbsp;du&nbsp;traitement<\/h3>\n\n\n\n<p>Le&nbsp;responsable&nbsp;du&nbsp;traitement&nbsp;est&nbsp;:&nbsp;&nbsp;&nbsp;&nbsp;&nbsp;&nbsp;&nbsp;&nbsp;&nbsp;&nbsp;&nbsp;&nbsp;Mme&nbsp;Val\u00e9rie&nbsp;COESSENS<\/p>\n\n\n\n<p>6 chemin des Farces&nbsp;10110&nbsp;VILLE&nbsp;SUR&nbsp;ARCE<\/p>\n\n\n\n<p><a href=\"mailto:contact@champagne-coessens.com\">contact@champagne-coessens.com<\/a><\/p>\n\n\n\n<h3 class=\"wp-block-heading\">C.&nbsp;&nbsp;&nbsp;&nbsp;&nbsp;&nbsp;Donn\u00e9es&nbsp;personnelles&nbsp;collect\u00e9es&nbsp;et&nbsp;finalit\u00e9s<\/h3>\n\n\n\n<p>Cf&nbsp;le&nbsp;registre&nbsp;de&nbsp;traitement&nbsp;des&nbsp;donn\u00e9es&nbsp;\u2013&nbsp;fichier&nbsp;client&nbsp;SCEV&nbsp;COESSENS<\/p>\n\n\n\n<h3 class=\"wp-block-heading\">D.&nbsp;&nbsp;&nbsp;&nbsp;&nbsp;Base&nbsp;l\u00e9gale&nbsp;du&nbsp;traitement<\/h3>\n\n\n\n<p>Conform\u00e9ment&nbsp;au&nbsp;RGPD,&nbsp;vous&nbsp;disposez&nbsp;des&nbsp;droits&nbsp;suivants&nbsp;:<\/p>\n\n\n\n<ul class=\"wp-block-list\">\n<li>Droit\u00a0d\u2019acc\u00e8s,\u00a0de\u00a0rectification,\u00a0d\u2019effacement<\/li>\n\n\n\n<li>Droit\u00a0\u00e0\u00a0la\u00a0limitation\u00a0du\u00a0traitement<\/li>\n\n\n\n<li>Droit\u00a0d\u2019opposition<\/li>\n\n\n\n<li>Droit\u00a0\u00e0\u00a0la\u00a0portabilit\u00e9<\/li>\n<\/ul>\n\n\n\n<p>Pour&nbsp;exercer&nbsp;vos&nbsp;droits,&nbsp;vous&nbsp;pouvez&nbsp;nous&nbsp;contacter&nbsp;\u00e0&nbsp;<a href=\"mailto:contact@champagne-coessens.com\">contact@champagne-coessens.com<\/a><\/p>\n\n\n\n<p>Ces&nbsp;conditions g\u00e9n\u00e9rales de&nbsp;ventes&nbsp;peuvent \u00eatre&nbsp;mise&nbsp;\u00e0 jour&nbsp;\u00e0&nbsp;tout&nbsp;moment.<\/p>\n<\/div><!-- .vgblk-rw-wrapper -->","protected":false},"excerpt":{"rendered":"<p>La SCEV &#8220;COESSENS&#8221; (ci-apr\u00e8s &#8220;SCEV&#8221;), Soci\u00e9t\u00e9 Civile d\u2019Exploitation Viticole au capital de 40 000 \u20ac dont le si\u00e8ge social est sis \u00e0&nbsp;VILLE&nbsp;SUR&nbsp;ARCE&nbsp;(Aube),&nbsp;6&nbsp;chemin&nbsp;desFarces,&nbsp;immatricul\u00e9e&nbsp;au&nbsp;RCS&nbsp;de&nbsp;TROYES&nbsp;sous&nbsp;le&nbsp;num\u00e9ro&nbsp;489&nbsp;093&nbsp;878,&nbsp;a&nbsp;pour&nbsp;activit\u00e9&nbsp;la production et la vente du champagne issu de son exploitation. La SCEV assure notamment la commercialisation de ses produits par&nbsp;l\u2019interm\u00e9diaire&nbsp;de&nbsp;son&nbsp;Site&nbsp;Internet&nbsp;www.champagne-coessens.com&nbsp;(ci-apr\u00e8s&nbsp;&#8220;le&nbsp;Site&nbsp;internet&#8221;)&nbsp;sur&nbsp;lequel&nbsp;figure&nbsp;la&nbsp;gamme&nbsp;des produits propos\u00e9s \u00e0 la vente. Les pr\u00e9sentes conditions g\u00e9n\u00e9rales de vente s\u2019appliquent \u00e0&#8230;<\/p>\n","protected":false},"author":2,"featured_media":0,"parent":0,"menu_order":0,"comment_status":"closed","ping_status":"closed","template":"","meta":{"footnotes":""},"class_list":["post-988276","page","type-page","status-publish","hentry"],"_links":{"self":[{"href":"https:\/\/champagne-coessens.com\/en\/wp-json\/wp\/v2\/pages\/988276","targetHints":{"allow":["GET"]}}],"collection":[{"href":"https:\/\/champagne-coessens.com\/en\/wp-json\/wp\/v2\/pages"}],"about":[{"href":"https:\/\/champagne-coessens.com\/en\/wp-json\/wp\/v2\/types\/page"}],"author":[{"embeddable":true,"href":"https:\/\/champagne-coessens.com\/en\/wp-json\/wp\/v2\/users\/2"}],"replies":[{"embeddable":true,"href":"https:\/\/champagne-coessens.com\/en\/wp-json\/wp\/v2\/comments?post=988276"}],"version-history":[{"count":1,"href":"https:\/\/champagne-coessens.com\/en\/wp-json\/wp\/v2\/pages\/988276\/revisions"}],"predecessor-version":[{"id":988277,"href":"https:\/\/champagne-coessens.com\/en\/wp-json\/wp\/v2\/pages\/988276\/revisions\/988277"}],"wp:attachment":[{"href":"https:\/\/champagne-coessens.com\/en\/wp-json\/wp\/v2\/media?parent=988276"}],"curies":[{"name":"wp","href":"https:\/\/api.w.org\/{rel}","templated":true}]}}